{"id":6225,"date":"2025-11-27T12:36:40","date_gmt":"2025-11-27T05:36:40","guid":{"rendered":"https:\/\/toangiamayvanphong.vn\/?post_type=product&#038;p=6225"},"modified":"2025-11-27T12:36:41","modified_gmt":"2025-11-27T05:36:41","slug":"nep-cuon-may-epson-lq-590-lq590-boc-may","status":"publish","type":"product","link":"https:\/\/toangiamayvanphong.vn\/?product=nep-cuon-may-epson-lq-590-lq590-boc-may","title":{"rendered":"N\u1eb9p cu\u1ed1n m\u00e1y Epson LQ 590, LQ590 ( b\u00f3c m\u00e1y)"},"content":{"rendered":"<p><span style=\"color: #0000ff; font-size: 150%;\"><strong>N\u1eb9p cu\u1ed1n m\u00e1y Epson LQ 590, LQ590 ( b\u00f3c m\u00e1y)<\/strong><\/span><\/p>\n","protected":false},"excerpt":{"rendered":"<p>N\u1eb9p cu\u1ed1n m\u00e1y Epson LQ 590, LQ590 ( b\u00f3c m\u00e1y)<\/p>\n","protected":false},"featured_media":6226,"comment_status":"open","ping_status":"closed","template":"","meta":[],"product_brand":[],"product_cat":[128],"product_tag":[1308,1307],"class_list":{"0":"post-6225","1":"product","2":"type-product","3":"status-publish","4":"has-post-thumbnail","6":"product_cat-linh-kien-boc-may","7":"product_tag-lq590-boc-may","8":"product_tag-nep-cuon-may-epson-lq-590","10":"first","11":"instock","12":"taxable","13":"shipping-taxable","14":"product-type-simple"},"_links":{"self":[{"href":"https:\/\/toangiamayvanphong.vn\/index.php?rest_route=\/wp\/v2\/product\/6225","targetHints":{"allow":["GET"]}}],"collection":[{"href":"https:\/\/toangiamayvanphong.vn\/index.php?rest_route=\/wp\/v2\/product"}],"about":[{"href":"https:\/\/toangiamayvanphong.vn\/index.php?rest_route=\/wp\/v2\/types\/product"}],"replies":[{"embeddable":true,"href":"https:\/\/toangiamayvanphong.vn\/index.php?rest_route=%2Fwp%2Fv2%2Fcomments&post=6225"}],"wp:featuredmedia":[{"embeddable":true,"href":"https:\/\/toangiamayvanphong.vn\/index.php?rest_route=\/wp\/v2\/media\/6226"}],"wp:attachment":[{"href":"https:\/\/toangiamayvanphong.vn\/index.php?rest_route=%2Fwp%2Fv2%2Fmedia&parent=6225"}],"wp:term":[{"taxonomy":"product_brand","embeddable":true,"href":"https:\/\/toangiamayvanphong.vn\/index.php?rest_route=%2Fwp%2Fv2%2Fproduct_brand&post=6225"},{"taxonomy":"product_cat","embeddable":true,"href":"https:\/\/toangiamayvanphong.vn\/index.php?rest_route=%2Fwp%2Fv2%2Fproduct_cat&post=6225"},{"taxonomy":"product_tag","embeddable":true,"href":"https:\/\/toangiamayvanphong.vn\/index.php?rest_route=%2Fwp%2Fv2%2Fproduct_tag&post=6225"}],"curies":[{"name":"wp","href":"https:\/\/api.w.org\/{rel}","templated":true}]}}