{"id":6312,"date":"2026-01-09T16:26:39","date_gmt":"2026-01-09T09:26:39","guid":{"rendered":"https:\/\/toangiamayvanphong.vn\/?post_type=product&#038;p=6312"},"modified":"2026-01-09T16:26:39","modified_gmt":"2026-01-09T09:26:39","slug":"motor-may-in-riso-gr-3750-3770-boc-may","status":"publish","type":"product","link":"https:\/\/toangiamayvanphong.vn\/?product=motor-may-in-riso-gr-3750-3770-boc-may","title":{"rendered":"Motor m\u00e1y in riso GR 3750 3770 ( b\u00f3c m\u00e1y)."},"content":{"rendered":"<p><span style=\"color: #0000ff; font-size: 160%;\"><strong>Motor m\u00e1y in riso GR 3750 3770 ( b\u00f3c m\u00e1y).<\/strong><\/span><\/p>\n","protected":false},"excerpt":{"rendered":"<p>Motor m\u00e1y in riso GR 3750 3770 ( b\u00f3c m\u00e1y).<\/p>\n","protected":false},"featured_media":6313,"comment_status":"open","ping_status":"closed","template":"","meta":[],"product_brand":[],"product_cat":[128,741],"product_tag":[1321],"class_list":{"0":"post-6312","1":"product","2":"type-product","3":"status-publish","4":"has-post-thumbnail","6":"product_cat-linh-kien-boc-may","7":"product_cat-linh-kien-may-photocopy","8":"product_tag-motor-may-in-riso-gr-3750-3770-boc-may","10":"first","11":"instock","12":"taxable","13":"shipping-taxable","14":"product-type-simple"},"_links":{"self":[{"href":"https:\/\/toangiamayvanphong.vn\/index.php?rest_route=\/wp\/v2\/product\/6312","targetHints":{"allow":["GET"]}}],"collection":[{"href":"https:\/\/toangiamayvanphong.vn\/index.php?rest_route=\/wp\/v2\/product"}],"about":[{"href":"https:\/\/toangiamayvanphong.vn\/index.php?rest_route=\/wp\/v2\/types\/product"}],"replies":[{"embeddable":true,"href":"https:\/\/toangiamayvanphong.vn\/index.php?rest_route=%2Fwp%2Fv2%2Fcomments&post=6312"}],"wp:featuredmedia":[{"embeddable":true,"href":"https:\/\/toangiamayvanphong.vn\/index.php?rest_route=\/wp\/v2\/media\/6313"}],"wp:attachment":[{"href":"https:\/\/toangiamayvanphong.vn\/index.php?rest_route=%2Fwp%2Fv2%2Fmedia&parent=6312"}],"wp:term":[{"taxonomy":"product_brand","embeddable":true,"href":"https:\/\/toangiamayvanphong.vn\/index.php?rest_route=%2Fwp%2Fv2%2Fproduct_brand&post=6312"},{"taxonomy":"product_cat","embeddable":true,"href":"https:\/\/toangiamayvanphong.vn\/index.php?rest_route=%2Fwp%2Fv2%2Fproduct_cat&post=6312"},{"taxonomy":"product_tag","embeddable":true,"href":"https:\/\/toangiamayvanphong.vn\/index.php?rest_route=%2Fwp%2Fv2%2Fproduct_tag&post=6312"}],"curies":[{"name":"wp","href":"https:\/\/api.w.org\/{rel}","templated":true}]}}