{"id":6600,"date":"2026-03-27T17:09:52","date_gmt":"2026-03-27T10:09:52","guid":{"rendered":"https:\/\/toangiamayvanphong.vn\/?post_type=product&#038;p=6600"},"modified":"2026-03-27T17:09:52","modified_gmt":"2026-03-27T10:09:52","slug":"may-in-mau-epson-workforce-pro-wf-c5390-cu","status":"publish","type":"product","link":"https:\/\/toangiamayvanphong.vn\/?product=may-in-mau-epson-workforce-pro-wf-c5390-cu","title":{"rendered":"M\u00e1y in m\u00e0u Epson WorkForce Pro WF-C5390 (c\u0169)"},"content":{"rendered":"<p><span style=\"color: #0000ff; font-size: 160%;\"><strong>M\u00e1y in m\u00e0u Epson WorkForce Pro WF-C5390 (c\u0169)<\/strong><\/span><\/p>\n","protected":false},"excerpt":{"rendered":"<p>M\u00e1y in m\u00e0u Epson WorkForce Pro WF-C5390 (c\u0169)<\/p>\n","protected":false},"featured_media":6601,"comment_status":"open","ping_status":"closed","template":"","meta":[],"product_brand":[],"product_cat":[139],"product_tag":[1376],"class_list":{"0":"post-6600","1":"product","2":"type-product","3":"status-publish","4":"has-post-thumbnail","6":"product_cat-may-in-mau","7":"product_tag-may-in-mau-epson-workforce-pro-wf-c5390-cu","9":"first","10":"instock","11":"taxable","12":"shipping-taxable","13":"product-type-simple"},"_links":{"self":[{"href":"https:\/\/toangiamayvanphong.vn\/index.php?rest_route=\/wp\/v2\/product\/6600","targetHints":{"allow":["GET"]}}],"collection":[{"href":"https:\/\/toangiamayvanphong.vn\/index.php?rest_route=\/wp\/v2\/product"}],"about":[{"href":"https:\/\/toangiamayvanphong.vn\/index.php?rest_route=\/wp\/v2\/types\/product"}],"replies":[{"embeddable":true,"href":"https:\/\/toangiamayvanphong.vn\/index.php?rest_route=%2Fwp%2Fv2%2Fcomments&post=6600"}],"wp:featuredmedia":[{"embeddable":true,"href":"https:\/\/toangiamayvanphong.vn\/index.php?rest_route=\/wp\/v2\/media\/6601"}],"wp:attachment":[{"href":"https:\/\/toangiamayvanphong.vn\/index.php?rest_route=%2Fwp%2Fv2%2Fmedia&parent=6600"}],"wp:term":[{"taxonomy":"product_brand","embeddable":true,"href":"https:\/\/toangiamayvanphong.vn\/index.php?rest_route=%2Fwp%2Fv2%2Fproduct_brand&post=6600"},{"taxonomy":"product_cat","embeddable":true,"href":"https:\/\/toangiamayvanphong.vn\/index.php?rest_route=%2Fwp%2Fv2%2Fproduct_cat&post=6600"},{"taxonomy":"product_tag","embeddable":true,"href":"https:\/\/toangiamayvanphong.vn\/index.php?rest_route=%2Fwp%2Fv2%2Fproduct_tag&post=6600"}],"curies":[{"name":"wp","href":"https:\/\/api.w.org\/{rel}","templated":true}]}}